{"id":774,"date":"2018-08-29T20:20:15","date_gmt":"2018-08-29T23:20:15","guid":{"rendered":"https:\/\/isfd6-bue.infd.edu.ar\/sitio\/datos-institucionales\/"},"modified":"2024-10-18T19:09:51","modified_gmt":"2024-10-18T22:09:51","slug":"datos-institucionales","status":"publish","type":"page","link":"https:\/\/isfd6-bue.infd.edu.ar\/sitio\/datos-institucionales\/","title":{"rendered":"Datos institucionales"},"content":{"rendered":"<blockquote>\n<p style=\"text-align: center;\"><span style=\"color: #0000ff;\"><strong>Instituto Superior de Formaci\u00f3n Docente y T\u00e9cnico N\u00b0 6<\/strong><\/span><\/p>\n<ul>\n<li><em><strong>Horarios de atenci\u00f3n:<\/strong> 18:00 a 22:30hs.<\/em><\/li>\n<li><strong>Direcci\u00f3n:<\/strong><em> Av. Jos\u00e9 Le\u00f3n Su\u00e1rez 25<\/em><\/li>\n<li><strong>E-mail de consultas:<\/strong><em> isfdyt6chivilcoy@abc.gob.ar<\/em><\/li>\n<li><strong>URL:<\/strong><em> https:\/\/isfd6-bue.infd.edu.ar\/sitio\/<\/em><\/li>\n<\/ul>\n<\/blockquote>\n<p><!--more--><\/p>\n","protected":false},"excerpt":{"rendered":"<p>Instituto Superior de Formaci\u00f3n Docente y T\u00e9cnico N\u00b0 6 Horarios de atenci\u00f3n: 18:00 a 22:30hs. Direcci\u00f3n: Av. Jos\u00e9 Le\u00f3n Su\u00e1rez 25 E-mail de consultas: isfdyt6chivilcoy@abc.gob.ar URL: https:\/\/isfd6-bue.infd.edu.ar\/sitio\/<\/p>\n","protected":false},"author":23,"featured_media":0,"parent":0,"menu_order":0,"comment_status":"closed","ping_status":"closed","template":"","meta":[],"acf":[],"_links":{"self":[{"href":"https:\/\/isfd6-bue.infd.edu.ar\/sitio\/wp-json\/wp\/v2\/pages\/774"}],"collection":[{"href":"https:\/\/isfd6-bue.infd.edu.ar\/sitio\/wp-json\/wp\/v2\/pages"}],"about":[{"href":"https:\/\/isfd6-bue.infd.edu.ar\/sitio\/wp-json\/wp\/v2\/types\/page"}],"author":[{"embeddable":true,"href":"https:\/\/isfd6-bue.infd.edu.ar\/sitio\/wp-json\/wp\/v2\/users\/23"}],"replies":[{"embeddable":true,"href":"https:\/\/isfd6-bue.infd.edu.ar\/sitio\/wp-json\/wp\/v2\/comments?post=774"}],"version-history":[{"count":3,"href":"https:\/\/isfd6-bue.infd.edu.ar\/sitio\/wp-json\/wp\/v2\/pages\/774\/revisions"}],"predecessor-version":[{"id":923,"href":"https:\/\/isfd6-bue.infd.edu.ar\/sitio\/wp-json\/wp\/v2\/pages\/774\/revisions\/923"}],"wp:attachment":[{"href":"https:\/\/isfd6-bue.infd.edu.ar\/sitio\/wp-json\/wp\/v2\/media?parent=774"}],"curies":[{"name":"wp","href":"https:\/\/api.w.org\/{rel}","templated":true}]}}