{"id":786,"date":"2018-08-29T20:20:19","date_gmt":"2018-08-29T23:20:19","guid":{"rendered":"https:\/\/isfd6-bue.infd.edu.ar\/sitio\/historia\/"},"modified":"2024-10-23T21:22:07","modified_gmt":"2024-10-24T00:22:07","slug":"historia","status":"publish","type":"page","link":"https:\/\/isfd6-bue.infd.edu.ar\/sitio\/historia\/","title":{"rendered":"El origen del Instituto N\u00b0 6"},"content":{"rendered":"<h6 style=\"text-align: justify;\">(Texto extra\u00eddo del Cap. IV del Trabajo de Investigaci\u00f3n de la Prof. Noelia Simone, \u201cLos or\u00edgenes del ISFD N\u00b0 6 de Chivilcoy: Un semillero de profesionales de la educaci\u00f3n (1948-1952)\u201d, a\u00f1o 2019.)<\/h6>\n<p style=\"text-align: justify;\">Para ordenar los hechos que dieron origen al ISFD N\u00ba6 se entrevist\u00f3 en reiteradas ocasiones al Se\u00f1or procurador Armando Carlos Constanzo perteneciente al Archivo Literario Municipal, el cual aport\u00f3 informaci\u00f3n sustancial sobre la fecha de creaci\u00f3n del mismo. Seg\u00fan afirmo:<\/p>\n<p style=\"text-align: justify;\">\u201cel Instituto se cre\u00f3 hacia el a\u00f1o 1951 como una necesidad pedag\u00f3gica de singular importancia para la capacitaci\u00f3n profesional y did\u00e1ctica de futuros docentes que habr\u00edan de cursar en sus aulas. Los mismos eran de origen chivilcoyano y tambi\u00e9n, procedentes de distintas ciudades y localidades vecinas. Dicho Instituto, fue una continuidad hist\u00f3rica de la Escuela de Formaci\u00f3n de Profesoras para Jardines de Infantes la cual se hab\u00eda creado en 1948, a trav\u00e9s de las gestiones del entonces senador justicialista en la Legislatura de la Provincia de Buenos Aires, el chivilcoyano Don Andr\u00e9s Casanova\u201d.<\/p>\n<p style=\"text-align: justify;\">El Instituto tuvo y tiene una amplia \u00e1rea de influencia, sus alumnos no solo proven\u00edan de Chivilcoy, sino, de Nueve de Julio, Carmen de Areco, Suipacha, Alberti, Chacabuco, General Viamonte, General Villegas, 25 de Mayo, Saladillo, Bragado, Jun\u00edn, Suipacha, Navarro, Moquehua, y desde su creaci\u00f3n tuvo una matr\u00edcula muy importante con un promedio estimado de 400 a 600 alumnos por a\u00f1o, desempe\u00f1\u00e1ndose como docentes en Chivilcoy y otras localidades.<\/p>\n<p style=\"text-align: justify;\">Las Carreras y Especializaciones que ofrec\u00eda desde su creaci\u00f3n fueron: Profesoras para Jardines de Infantes, Profesoras de Pedagog\u00eda General, Maestra Especializada en Educaci\u00f3n Preescolar, Asistente Social, Asistente Educacional, Maestra Recuperadora, Magisterio Especializado en Educaci\u00f3n de Adultos, Magisterio Normal Superior 1974, T\u00e9cnico Superior en Administraci\u00f3n de Empresas, Profesor en Ciencias de la Educaci\u00f3n 1984, Actualizaci\u00f3n Docente 1985,Conduccion de los Servicios Educativos 1986, Docente especializado en Jard\u00edn Maternal 1986, Profesores en Psicopedagog\u00eda 1987, Magisterio Especializado en Educaci\u00f3n Primaria 1987, Pr\u00e1ctica en Gabinete de nivel Medio 1992, Bibliotecolog\u00eda Auxiliar 1992, Bibliotecolog\u00eda Escolar y Profesional 1993, por otro lado se dictaban materias tales como Psicolog\u00eda Aplicada, Psicolog\u00eda de la Educaci\u00f3n, Psicolog\u00eda Psicopedag\u00f3gica, Estad\u00edstica, Sociolog\u00eda, Did\u00e1ctica de Lengua, Did\u00e1ctica de Matem\u00e1ticas, Did\u00e1ctica de Ciencias Naturales, Did\u00e1ctica de Ciencias Sociales, Fundamento de la Educaci\u00f3n, M\u00fasica, Material Did\u00e1ctico, Formaci\u00f3n \u00c9tica y Ciudadana, Observaci\u00f3n y Pr\u00e1ctica Docente, Metodolog\u00eda de la Investigaci\u00f3n, Observaci\u00f3n y Practica de la Ense\u00f1anza, entre otras.<\/p>\n<p style=\"text-align: justify;\">Las carreras ten\u00edan una duraci\u00f3n de 2 a\u00f1os y un cuatrimestre, se cursaba en horario vespertino de 6 de la tarde a 11 de la noche, de lunes a viernes y en algunas oportunidades los d\u00edas s\u00e1bado se hac\u00edan capacitaciones orientadas a las diferentes carreras con la participaci\u00f3n no solo de docentes de Chivilcoy sino de otros Institutos.<\/p>\n<p style=\"text-align: justify;\">Por otra parte, el Instituto a trav\u00e9s de sus especializaciones, buscaba enriquecer las diferentes carreras con diferentes propuestas, como la organizaci\u00f3n de congresos que les permitieran a las alumnas intercambiar conocimientos con otras instituciones, como as\u00ed tambi\u00e9n incorporar progresivamente a la carrera de bibliotecolog\u00eda contenidos de inform\u00e1tica para formar bibliotecarios que sepan aplicar esta tecnolog\u00eda en su funci\u00f3n, la implementaci\u00f3n de la Biblioteca Itinerante, proyecto que se realizaba en forma conjunta con la Municipalidad de Chivilcoy que prove\u00eda el material bibliogr\u00e1fico y los medios de transporte, siendo el objetivo utilizar el material disponible en bien de la comunidad, y que consisti\u00f3 en llevar cajas de libros a Escuelas rurales para su lectura. Feria del Libro, organizadas con otras instituciones tales como, la Biblioteca Popular \u201cDr. Antonio Novaro\u201d, y Librer\u00edas, organiz\u00e1ndose talleres, charlas, exposiciones pl\u00e1sticas y espect\u00e1culos musicales; Proyecto de Investigaci\u00f3n, presentado y aprobado por el Plan Social Educativo del Ministerio de Cultura y Educaci\u00f3n, realizando talleres de periodismo y t\u00e9cnicas de estudio con la participaci\u00f3n de periodistas locales como Osvaldo Ben\u00edtez.<\/p>\n<p style=\"text-align: justify;\">El personal del establecimiento, fue muy amplio, algunos de los directivos, docentes y personal administrativo que transitaron por el ISFD N\u00ba6 fueron: Francisco Menta, Lilia Cristina Cufre, Ricardo Marchand, Gregorio Benito, Blanca Tirone, Alicia Marino, Susana Anfossi de Battaglia, Aurora Colavecchio, Julio Gonzales, Oscar Isnardi, Marta S. Defina, Elba Rioja, Bruna Ferrorati, Gloria Galarza, Haydee Poggi, Ana Mar\u00eda Gardella, M\u00f3nica Lopez, Evangelina Lombardo, Mar\u00eda Alicia Lannes, Blanca Policastro, Mirta Graciela Santucci, Silvia Ascheri, Patricia Graziadei, Martha Rocha, Francisca Mazzota, Liliana Benito, Alcira Robiani, Alicia Vivanco, Marita Vidal, Mar\u00eda del Carmen Mocorrea, Pelly Segu\u00ed, Isabel N. Zunino, Ra\u00fal Sciorra, Carmen Laborde, Zulma Alonzo, son algunos de los que formaron parte del Instituto desde sus inicios.<\/p>\n<p style=\"text-align: justify;\">Respecto de lo anterior, el Instituto comenz\u00f3 a funcionar en el viejo edificio de la Escuela Primaria N\u00b0 1 Domingo Faustino Sarmiento, ubicada en la intersecci\u00f3n de la Avenida Sarmiento y la calle Belgrano.<\/p>\n<p style=\"text-align: justify;\">En dicho establecimiento el Instituto funcion\u00f3 por un tiempo breve ya que el edificio de la Escuela Primaria N\u00b0 1 fue demolido, motivo por el cual se reubic\u00f3 en el viejo edificio de la Escuela Primaria N\u00ba6 \u201cBernardino Rivadavia\u201d, ubicada en la intersecci\u00f3n de calle General Paz 8 y Avenida Ceballos.<\/p>\n<p style=\"text-align: justify;\">Sin embargo, en esta escuela tambi\u00e9n permaneci\u00f3 poco tiempo ya que por cuestiones edilicias se decidi\u00f3 su demolici\u00f3n y la construcci\u00f3n de un nuevo edificio. As\u00ed este hecho fue determinante para el traslado del Instituto a la Escuela Primaria N\u00ba18 ubicada en la intersecci\u00f3n de las calles Vicente Loveira y Nueve de Julio 53, donde comparti\u00f3 el espacio con los alumnos y directivos de la vieja Escuela Primaria N\u00ba6 mientras era construido el nuevo establecimiento de la Escuela.<\/p>\n<p style=\"text-align: justify;\">Posteriormente cuando se finaliz\u00f3 con la nueva edificaci\u00f3n de la Escuela Primaria N \u00ba6 \u201cBernardino Rivadavia\u201d ambos se instalaron all\u00ed nuevamente.<\/p>\n<p style=\"text-align: justify;\">El ISFD N\u00ba 6 permaneci\u00f3 all\u00ed hasta el a\u00f1o 1994 a\u00f1o en que se sanciono la Ley de Transferencia de Servicios educativos N\u00b0 24049, la cual propici\u00f3 la fusi\u00f3n del ISFD N\u00b06 y el Instituto N\u00b0140 que funcionaba en el establecimiento e la Escuela Normal Domingo Faustino Sarmiento.<\/p>\n<p>A continuaci\u00f3n, hagamos una breve rese\u00f1a de los distintos directivos que estuvieron al frente de la Instituci\u00f3n, objeto de estudio.<\/p>\n<p><strong>Francisco Menta I Director del Instituto N\u00ba6 1952 a 1958.<\/strong><\/p>\n<p style=\"text-align: justify;\">Francisco Antonio Menta obtuvo en 1943 el t\u00edtulo de profesor en Leras en la Facultad de Filosof\u00eda y letras de la universidad de Buenos Aires.<br \/>\nFue Director del ISFD N\u00ba6 entre 1952 y 1959 y se desempe\u00f1\u00f3 como rector del Colegio Nacional Jos\u00e9 Hern\u00e1ndez, entre los a\u00f1os 1959 y 1981.Integro la redacci\u00f3n del Diario \u201cLa Raz\u00f3n\u201d, de Chivilcoy y colaboro con otros medios. Supo sobresalir como Director del Museo Hist\u00f3rico Municipal y director de Cultura de la Municipalidad. Fue presidente de la Biblioteca Popular Dr. Antonio Novaro y tambi\u00e9n se desempe\u00f1\u00f3 como concejal municipal. El profesor Menta tambi\u00e9n se destac\u00f3 en la actividad deportiva y estuvo siempre dispuesto a brindar su colaboraci\u00f3n a distintas entidades locales que requer\u00edan de su participaci\u00f3n. El 22 de octubre de 1996, bajo la administraci\u00f3n municipal del Dr. Rodolfo Bardengo se lo declar\u00f3 \u201cCiudadano Ilustre\u201d de Chivilcoy.<\/p>\n<p><strong>Lilia Cristina C. de Cufr\u00e9 fue la II Dra. Del Instituto N\u00ba6 durante los a\u00f1os 1959 &#8211; 1972.<\/strong><\/p>\n<p style=\"text-align: justify;\">Lilia Cristina C. de Cufre fue Profesora y Directora del Instituto N\u00ba 6 desde el a\u00f1o 1959 a 1972, en ese periodo en el Instituto se cursaban las carreras de Educaci\u00f3n Preescolar (Maestras Jardineras).<br \/>\nPosteriormente fue Presidenta de la comisi\u00f3n de la Biblioteca Popular Antonio Novaro desde 1987 a 1996.<\/p>\n<p><strong>V\u00edctor Gregorio Benito fue el III Dr. del Instituto N\u00ba6 desde 1972 &#8211; 1978.<\/strong><\/p>\n<p style=\"text-align: justify;\">V\u00edctor Gregorio Benito, inici\u00f3 sus primeros pasos en el estudio de la Medicina en la Universidad de C\u00f3rdoba y se desempe\u00f1\u00f3 como m\u00e9dico de familia, profesi\u00f3n a la que se dedic\u00f3 muchos a\u00f1os atendiendo en su consultorio particular y en el Hospital Municipal<br \/>\nde Chivilcoy.<br \/>\nEn el a\u00f1o 1957 ingres\u00f3 en la Facultad de Humanidades y Ciencias de la Educaci\u00f3n, en el Profesorado de Biolog\u00eda. As\u00ed inicia sus primeros pasos en la Docencia como Profesor en el ISFD N\u00ba6 y posteriormente se desempe\u00f1\u00f3 como director del mismo desde 1972 a<br \/>\n1978.<\/p>\n<p><strong>Blanca Tirone fue la IV Dra. Del Instituto desde 1978 &#8211; 1979.<\/strong><\/p>\n<p style=\"text-align: justify;\">Blanca Haydee Tirone se recibi\u00f3 de Profesora de Psicolog\u00eda y dicto clases en diferentes Escuelas de Chivilcoy como el Colegio Misericordia y en el a\u00f1o 1956 ingres\u00f3 en el ISFD N\u00ba6 a cargo de las materias de Sociolog\u00eda y Pol\u00edtica educacional luego ocupo el<br \/>\ncargo directivo cuando se retir\u00f3 el Dr. Benito por el lapso de 9 meses.<br \/>\nPosteriormente fue Presidenta de la comisi\u00f3n de la Biblioteca Popular Antonio Novaro.<\/p>\n<p><strong>Alicia Marino fue la V Dra. Del Instituto desde 1979 &#8211; 1987.<\/strong><\/p>\n<p style=\"text-align: justify;\">Alicia Marino fue Profesora de Psicopedagog\u00eda, Directora del ISFD N\u00ba6 desde 1979 a 1987 y posteriormente fue Inspectora de la rama del nivel superior, lugar desde el que sigui\u00f3 teniendo influencia y presencia dentro del Instituto.<\/p>\n<p><strong>Susana Anfossi de Battaglia fue la VI Dra. Del Instituto desde 1987 &#8211; 1994.<\/strong><\/p>\n<p style=\"text-align: justify;\">N\u00e9lida Susana Anfossi de Battaglia se recibi\u00f3 de Profesora de Matem\u00e1ticas y ejerci\u00f3 como Profesora a cargo de la materia Did\u00e1ctica de las Matem\u00e1ticas desde el a\u00f1o 1972.<br \/>\nPosteriormente se desempe\u00f1\u00f3 como directora del ISFD N\u00ba6 desde el d\u00eda 7 de Julio de 1987 al 30 de diciembre de 1994 a\u00f1o en que se jubila.<\/p>\n","protected":false},"excerpt":{"rendered":"<p>(Texto extra\u00eddo del Cap. IV del Trabajo de Investigaci\u00f3n de la Prof. Noelia Simone, \u201cLos or\u00edgenes del ISFD N\u00b0 6 de Chivilcoy: Un semillero de profesionales de la educaci\u00f3n (1948-1952)\u201d, a\u00f1o 2019.) Para ordenar los hechos que dieron origen al ISFD N\u00ba6 se entrevist\u00f3 en reiteradas ocasiones al Se\u00f1or procurador Armando Carlos Constanzo perteneciente al &#8230; <a title=\"El origen del Instituto N\u00b0 6\" class=\"read-more\" href=\"https:\/\/isfd6-bue.infd.edu.ar\/sitio\/historia\/\" aria-label=\"More on El origen del Instituto N\u00b0 6\">[+]<\/a><\/p>\n","protected":false},"author":23,"featured_media":0,"parent":0,"menu_order":0,"comment_status":"closed","ping_status":"closed","template":"","meta":[],"acf":[],"_links":{"self":[{"href":"https:\/\/isfd6-bue.infd.edu.ar\/sitio\/wp-json\/wp\/v2\/pages\/786"}],"collection":[{"href":"https:\/\/isfd6-bue.infd.edu.ar\/sitio\/wp-json\/wp\/v2\/pages"}],"about":[{"href":"https:\/\/isfd6-bue.infd.edu.ar\/sitio\/wp-json\/wp\/v2\/types\/page"}],"author":[{"embeddable":true,"href":"https:\/\/isfd6-bue.infd.edu.ar\/sitio\/wp-json\/wp\/v2\/users\/23"}],"replies":[{"embeddable":true,"href":"https:\/\/isfd6-bue.infd.edu.ar\/sitio\/wp-json\/wp\/v2\/comments?post=786"}],"version-history":[{"count":8,"href":"https:\/\/isfd6-bue.infd.edu.ar\/sitio\/wp-json\/wp\/v2\/pages\/786\/revisions"}],"predecessor-version":[{"id":957,"href":"https:\/\/isfd6-bue.infd.edu.ar\/sitio\/wp-json\/wp\/v2\/pages\/786\/revisions\/957"}],"wp:attachment":[{"href":"https:\/\/isfd6-bue.infd.edu.ar\/sitio\/wp-json\/wp\/v2\/media?parent=786"}],"curies":[{"name":"wp","href":"https:\/\/api.w.org\/{rel}","templated":true}]}}