{"id":810,"date":"2018-08-29T20:20:28","date_gmt":"2018-08-29T23:20:28","guid":{"rendered":"https:\/\/isfd6-bue.infd.edu.ar\/sitio\/proyectos\/"},"modified":"2024-05-06T09:29:05","modified_gmt":"2024-05-06T12:29:05","slug":"proyectos","status":"publish","type":"page","link":"https:\/\/isfd6-bue.infd.edu.ar\/sitio\/proyectos\/","title":{"rendered":"Proyectos"},"content":{"rendered":"<table style=\"border-width: 0px; border-style: solid; width: 533px; height: 157px; background-color: #99ccff;\" border=\"0\" frame=\"above\" cellspacing=\"0\" cellpadding=\"1\">\n<tbody>\n<tr>\n<td><span style=\"color: #000000; font-family: tahoma, arial, helvetica, sans-serif; font-size: 10pt;\" data-mce-mark=\"1\"><strong><span style=\"color: #000000;\" data-mce-mark=\"1\">La escuela Normal de Chivilcoy (1905-2008)<\/span><\/strong><\/span><\/p>\n<p><span style=\"font-size: 10pt; font-family: tahoma, arial, helvetica, sans-serif;\" data-mce-mark=\"1\">Una contribuci\u00f3n al an\u00e1lisis de la formaci\u00f3n docente de ayer a partir de la lectura de revistras estudiantiles.<\/span><\/td>\n<td><a title=\"La escuela Normal de Chivilcoy 1905-2008\" href=\"upload\/LA_ESCUELA__NORMAL_DE_CHIVILCOY.doc\" target=\"_blank\" rel=\"noopener\"><img decoding=\"async\" loading=\"lazy\" title=\"logo descarga\" src=\"https:\/\/isfd6-bue.infd.edu.ar\/sitio\/wp-content\/uploads\/2018\/08\/logo_descarga.jpg\" alt=\"logo descarga\" width=\"90\" height=\"37\" border=\"0\" \/><\/a><\/td>\n<\/tr>\n<\/tbody>\n<\/table>\n<p><img decoding=\"async\" title=\"Linea punteada 100%\" src=\"https:\/\/isfd6-bue.infd.edu.ar\/sitio\/wp-content\/uploads\/2018\/08\/doted_line_100.gif\" alt=\"Linea punteada 100%\" border=\"0\" \/><\/p>\n<table style=\"width: 534px; height: 93px; background-color: #ccffff;\" border=\"0\">\n<tbody>\n<tr>\n<td>\n<p class=\"font_8\"><strong><span style=\"font-family: tahoma, arial, helvetica, sans-serif; font-size: 10pt;\" data-mce-mark=\"1\">Sociabilidad, identidad y construcci\u00f3n de un discurso nacionalista en la Escuela Normal de Chivilcoy (primeras d\u00e9cadas del siglo XX)<\/span><\/strong><\/p>\n<p class=\"font_8\"><span style=\"font-family: tahoma, arial, helvetica, sans-serif; font-size: 10pt;\" data-mce-mark=\"1\">XIV Jornadas. Interescuelas\/Departamentos de Historia<\/span><\/p>\n<\/td>\n<td><a title=\"Sociabilidad e identidad escuela normal\" href=\"upload\/Sociabilidad_identidad_y_construcci%F3n_de_un_discurso_nacionalista_en_la_Escuela_Normal_de_Chivilcoy___primeras_d%E9cadas_del_siglo_XX..doc.docx\" target=\"_blank\" rel=\"noopener\"><img decoding=\"async\" loading=\"lazy\" title=\"logo descarga\" src=\"https:\/\/isfd6-bue.infd.edu.ar\/sitio\/wp-content\/uploads\/2018\/08\/logo_descarga.jpg\" alt=\"logo descarga\" width=\"90\" height=\"33\" border=\"0\" \/><\/a><\/td>\n<\/tr>\n<\/tbody>\n<\/table>\n<p><img decoding=\"async\" title=\"Linea punteada 100%\" src=\"https:\/\/isfd6-bue.infd.edu.ar\/sitio\/wp-content\/uploads\/2018\/08\/doted_line_100.gif\" alt=\"Linea punteada 100%\" border=\"0\" \/><\/p>\n<table style=\"width: 534px; height: 93px; background-color: #99cccc;\" border=\"0\">\n<tbody>\n<tr>\n<td><span style=\"font-size: 10pt; font-family: tahoma, arial, helvetica, sans-serif;\" data-mce-mark=\"1\"><strong>Enredando Investigaciones<\/strong><strong><img decoding=\"async\" title=\"Gif transparente de 10 x 10\" src=\"https:\/\/isfd6-bue.infd.edu.ar\/sitio\/wp-content\/uploads\/2018\/08\/10x10.gif\" alt=\"Gif transparente de 10 x 10\" border=\"0\" \/><\/strong><\/span><\/p>\n<p class=\"font_8\"><span style=\"font-size: 10pt; font-family: tahoma, arial, helvetica, sans-serif;\" data-mce-mark=\"1\">9\u00b0 Jornadas de Acuerdos RedIPARC. 2\u00b0 Encuentro de investigadores. Avellaneda &#8211; 20 y 21 de Marzo 2014. I.S.F.D. N\u00b0 1<\/span><\/p>\n<p><span style=\"font-size: 10pt;\" data-mce-mark=\"1\"><strong>\u00a0<\/strong><\/span><\/td>\n<td><span style=\"font-size: 10pt;\" data-mce-mark=\"1\"><strong><a title=\"la ense\u00f1anza en salas puras\" href=\"upload\/INVESTIGACION_LA_ENSE%D1ANZA_EN_SALAS_PURAS_Y_MULTIEDADREFLEXIONES_EN_TORNO_A_SUS_VENTAJAS_Y_DESVENTAJAS.doc.docx\" target=\"_blank\" rel=\"noopener\"><img decoding=\"async\" loading=\"lazy\" title=\"logo descarga\" src=\"https:\/\/isfd6-bue.infd.edu.ar\/sitio\/wp-content\/uploads\/2018\/08\/logo_descarga.jpg\" alt=\"logo descarga\" width=\"90\" height=\"33\" border=\"0\" \/><\/a><\/strong><\/span><\/td>\n<\/tr>\n<\/tbody>\n<\/table>\n<p><img decoding=\"async\" title=\"Linea punteada 100%\" src=\"https:\/\/isfd6-bue.infd.edu.ar\/sitio\/wp-content\/uploads\/2018\/08\/doted_line_100.gif\" alt=\"Linea punteada 100%\" border=\"0\" \/><\/p>\n<table style=\"height: 93px; width: 534px; background-color: #3399cc;\" border=\"0\">\n<tbody>\n<tr>\n<td><span style=\"font-family: tahoma, arial, helvetica, sans-serif; font-size: 10pt;\" data-mce-mark=\"1\"><strong>Resignificando el Rol Docente con relaci\u00f3n al conocimiento.\u00a0<\/strong><strong>Una alternativa: La Investigaci\u00f3n educativa y la Incorporaci\u00f3n de TIC<\/strong><\/span><\/p>\n<p class=\"font_8\"><span style=\"font-family: tahoma, arial, helvetica, sans-serif; font-size: 10pt;\">Prof. Isabel Zunino. ISFDN\u00ba6 &#8211; Chivilcoy &#8211; RedIPaRC<\/span><\/p>\n<\/td>\n<td><a title=\"Resignificando el rol docente\" href=\"upload\/RESIGNIFICANDO_EN_ROL_DOCENTE_2.doc\" target=\"_blank\" rel=\"noopener\"><img decoding=\"async\" loading=\"lazy\" title=\"logo descarga\" src=\"https:\/\/isfd6-bue.infd.edu.ar\/sitio\/wp-content\/uploads\/2018\/08\/logo_descarga.jpg\" alt=\"logo descarga\" width=\"91\" height=\"33\" border=\"0\" \/><\/a><\/td>\n<\/tr>\n<\/tbody>\n<\/table>\n<p><img decoding=\"async\" title=\"Linea punteada 100%\" src=\"https:\/\/isfd6-bue.infd.edu.ar\/sitio\/wp-content\/uploads\/2018\/08\/doted_line_100.gif\" alt=\"Linea punteada 100%\" border=\"0\" \/><\/p>\n<table style=\"height: 93px; width: 534px; background-color: #99ccff;\" border=\"0\">\n<tbody>\n<tr>\n<td><strong><span style=\"font-family: tahoma, arial, helvetica, sans-serif; font-size: 10pt;\">De Biblioteca particular a biblioteca p\u00fablica. La biblioteca Jos\u00e9 Le\u00f3n S\u00faarez de Chivilcoy: un origen olvidado.<\/span><\/strong><\/p>\n<p><span style=\"font-family: tahoma, arial, helvetica, sans-serif; font-size: 10pt;\">Torraco, Noem\u00ed y\u00a0<\/span><span style=\"font-family: tahoma, arial, helvetica, sans-serif; font-size: 10pt;\">Santucci, Mirta G.<\/span><\/td>\n<td><a title=\"Biblioteca\" href=\"upload\/Biblioteca_Jos%E9_Le%F3n_Su%E1rez-_Escuela_Normal_de__Chivilcoy-_Su_origen.doc\" target=\"_blank\" rel=\"noopener\"><img decoding=\"async\" loading=\"lazy\" title=\"logo descarga\" src=\"https:\/\/isfd6-bue.infd.edu.ar\/sitio\/wp-content\/uploads\/2018\/08\/logo_descarga.jpg\" alt=\"logo descarga\" width=\"92\" height=\"34\" border=\"0\" \/><\/a><\/td>\n<\/tr>\n<\/tbody>\n<\/table>\n","protected":false},"excerpt":{"rendered":"<p>La escuela Normal de Chivilcoy (1905-2008) Una contribuci\u00f3n al an\u00e1lisis de la formaci\u00f3n docente de ayer a partir de la lectura de revistras estudiantiles. Sociabilidad, identidad y construcci\u00f3n de un discurso nacionalista en la Escuela Normal de Chivilcoy (primeras d\u00e9cadas del siglo XX) XIV Jornadas. Interescuelas\/Departamentos de Historia Enredando Investigaciones 9\u00b0 Jornadas de Acuerdos RedIPARC. &#8230; <a title=\"Proyectos\" class=\"read-more\" href=\"https:\/\/isfd6-bue.infd.edu.ar\/sitio\/proyectos\/\" aria-label=\"More on Proyectos\">[+]<\/a><\/p>\n","protected":false},"author":23,"featured_media":0,"parent":0,"menu_order":0,"comment_status":"closed","ping_status":"closed","template":"","meta":[],"acf":[],"_links":{"self":[{"href":"https:\/\/isfd6-bue.infd.edu.ar\/sitio\/wp-json\/wp\/v2\/pages\/810"}],"collection":[{"href":"https:\/\/isfd6-bue.infd.edu.ar\/sitio\/wp-json\/wp\/v2\/pages"}],"about":[{"href":"https:\/\/isfd6-bue.infd.edu.ar\/sitio\/wp-json\/wp\/v2\/types\/page"}],"author":[{"embeddable":true,"href":"https:\/\/isfd6-bue.infd.edu.ar\/sitio\/wp-json\/wp\/v2\/users\/23"}],"replies":[{"embeddable":true,"href":"https:\/\/isfd6-bue.infd.edu.ar\/sitio\/wp-json\/wp\/v2\/comments?post=810"}],"version-history":[{"count":2,"href":"https:\/\/isfd6-bue.infd.edu.ar\/sitio\/wp-json\/wp\/v2\/pages\/810\/revisions"}],"predecessor-version":[{"id":840,"href":"https:\/\/isfd6-bue.infd.edu.ar\/sitio\/wp-json\/wp\/v2\/pages\/810\/revisions\/840"}],"wp:attachment":[{"href":"https:\/\/isfd6-bue.infd.edu.ar\/sitio\/wp-json\/wp\/v2\/media?parent=810"}],"curies":[{"name":"wp","href":"https:\/\/api.w.org\/{rel}","templated":true}]}}