{"id":904,"date":"2024-10-17T21:09:07","date_gmt":"2024-10-18T00:09:07","guid":{"rendered":"https:\/\/isfd6-bue.infd.edu.ar\/sitio\/?page_id=904"},"modified":"2024-10-18T18:57:36","modified_gmt":"2024-10-18T21:57:36","slug":"biblioteca-jose-leon-suarez","status":"publish","type":"page","link":"https:\/\/isfd6-bue.infd.edu.ar\/sitio\/biblioteca-jose-leon-suarez\/","title":{"rendered":"Biblioteca \u00abJos\u00e9 Le\u00f3n Su\u00e1rez\u00bb"},"content":{"rendered":"\n<p>La Biblioteca del Instituto es un espacio dedicado al aprendizaje, la investigaci\u00f3n y la consulta, ofreciendo acceso a una amplia colecci\u00f3n de libros, revistas, recursos digitales y materiales especializados.<\/p>\n\n\n\n<p class=\"has-text-align-left\">Todos los alumnos matriculados tienen acceso a los servicios de la biblioteca, presentando su constancia de alumno regular.<\/p>\n\n\n\n<p>Nuestro equipo est\u00e1 disponible de lunes a viernes para brindarte orientaci\u00f3n personalizada. \u00a1Te esperamos!<\/p>\n\n\n\n<p><strong>Horario de atenci\u00f3n:<\/strong> Lunes a Viernes, de 18 a 22:30hs.<\/p>\n\n\n\n<p><strong>Servicios ofrecidos: <\/strong><\/p>\n\n\n\n<ul>\n<li>Pr\u00e9stamo de libros. <\/li>\n\n\n\n<li>Consulta en sala.<\/li>\n\n\n\n<li>Orientaci\u00f3n y asistencia bibliogr\u00e1fica.<\/li>\n<\/ul>\n\n\n\n<p><strong>Ubicaci\u00f3n dentro del Instituto:<\/strong><\/p>\n\n\n\n<figure class=\"wp-block-image size-full\"><img decoding=\"async\" loading=\"lazy\" width=\"1233\" height=\"1280\" src=\"https:\/\/isfd6-bue.infd.edu.ar\/sitio\/wp-content\/uploads\/2024\/10\/Plano_Escuela_Instituto.jpg\" alt=\"\" class=\"wp-image-905\" srcset=\"https:\/\/isfd6-bue.infd.edu.ar\/sitio\/wp-content\/uploads\/2024\/10\/Plano_Escuela_Instituto.jpg 1233w, https:\/\/isfd6-bue.infd.edu.ar\/sitio\/wp-content\/uploads\/2024\/10\/Plano_Escuela_Instituto-963x1000.jpg 963w, https:\/\/isfd6-bue.infd.edu.ar\/sitio\/wp-content\/uploads\/2024\/10\/Plano_Escuela_Instituto-768x797.jpg 768w\" sizes=\"(max-width: 1233px) 100vw, 1233px\" \/><\/figure>\n\n\n\n<p><strong>Contacto:<\/strong><\/p>\n\n\n\n<p>Para consultas, sugerencias o informaci\u00f3n adicional, puede comunicarse con nosotros a trav\u00e9s del siguiente correo electr\u00f3nico: <a href=\"mailto:bibliotecainstituto6@gmail.com\" target=\"_blank\" rel=\"noreferrer noopener\">bibliotecainstituto6@gmail.com<\/a> <\/p>\n\n\n\n<p><\/p>\n","protected":false},"excerpt":{"rendered":"<p>La Biblioteca del Instituto es un espacio dedicado al aprendizaje, la investigaci\u00f3n y la consulta, ofreciendo acceso a una amplia colecci\u00f3n de libros, revistas, recursos digitales y materiales especializados. Todos los alumnos matriculados tienen acceso a los servicios de la biblioteca, presentando su constancia de alumno regular. Nuestro equipo est\u00e1 disponible de lunes a viernes &#8230; <a title=\"Biblioteca \u00abJos\u00e9 Le\u00f3n Su\u00e1rez\u00bb\" class=\"read-more\" href=\"https:\/\/isfd6-bue.infd.edu.ar\/sitio\/biblioteca-jose-leon-suarez\/\" aria-label=\"More on Biblioteca \u00abJos\u00e9 Le\u00f3n Su\u00e1rez\u00bb\">[+]<\/a><\/p>\n","protected":false},"author":36,"featured_media":0,"parent":0,"menu_order":0,"comment_status":"closed","ping_status":"closed","template":"","meta":[],"acf":[],"_links":{"self":[{"href":"https:\/\/isfd6-bue.infd.edu.ar\/sitio\/wp-json\/wp\/v2\/pages\/904"}],"collection":[{"href":"https:\/\/isfd6-bue.infd.edu.ar\/sitio\/wp-json\/wp\/v2\/pages"}],"about":[{"href":"https:\/\/isfd6-bue.infd.edu.ar\/sitio\/wp-json\/wp\/v2\/types\/page"}],"author":[{"embeddable":true,"href":"https:\/\/isfd6-bue.infd.edu.ar\/sitio\/wp-json\/wp\/v2\/users\/36"}],"replies":[{"embeddable":true,"href":"https:\/\/isfd6-bue.infd.edu.ar\/sitio\/wp-json\/wp\/v2\/comments?post=904"}],"version-history":[{"count":3,"href":"https:\/\/isfd6-bue.infd.edu.ar\/sitio\/wp-json\/wp\/v2\/pages\/904\/revisions"}],"predecessor-version":[{"id":921,"href":"https:\/\/isfd6-bue.infd.edu.ar\/sitio\/wp-json\/wp\/v2\/pages\/904\/revisions\/921"}],"wp:attachment":[{"href":"https:\/\/isfd6-bue.infd.edu.ar\/sitio\/wp-json\/wp\/v2\/media?parent=904"}],"curies":[{"name":"wp","href":"https:\/\/api.w.org\/{rel}","templated":true}]}}