{"id":964,"date":"2024-10-28T19:25:11","date_gmt":"2024-10-28T22:25:11","guid":{"rendered":"https:\/\/isfd6-bue.infd.edu.ar\/sitio\/?page_id=964"},"modified":"2024-10-28T21:25:11","modified_gmt":"2024-10-29T00:25:11","slug":"profesorado-de-biologia","status":"publish","type":"page","link":"https:\/\/isfd6-bue.infd.edu.ar\/sitio\/profesorado-de-biologia\/","title":{"rendered":"Profesorado Biolog\u00eda"},"content":{"rendered":"\n<p><strong>Denominaci\u00f3n de la carrera:<\/strong> <em>Profesorado de Educaci\u00f3n Secundaria en Biolog\u00eda.<\/em><\/p>\n\n\n\n<p><strong>T\u00edtulo a otorgar: <\/strong><em>Profesora\/Profesor de Educaci\u00f3n Secundaria en Biolog\u00eda.<\/em><\/p>\n\n\n\n<p><strong>Duraci\u00f3n de la carrera:<\/strong> <em>4 a\u00f1os.<\/em><\/p>\n\n\n\n<p><strong>Carga horaria total de la carrera:<\/strong> <em>3008 horas reloj.<\/em><\/p>\n\n\n\n<p class=\"has-base-3-color has-accent-background-color has-text-color has-background has-medium-font-size\" style=\"font-style:italic;font-weight:800\"><strong>Dise\u00f1o curricular NUEVO (se implement\u00f3 1\u00b0 a\u00f1o en 2023)<\/strong><\/p>\n\n\n\n<p style=\"font-style:normal;font-weight:200;letter-spacing:3px\"><a rel=\"noreferrer noopener\" href=\"https:\/\/drive.google.com\/file\/d\/1gd6RPmIh3_v18-8UfBnKyqvwnP70viCP\/view?usp=drive_link\" data-type=\"URL\" data-id=\"https:\/\/drive.google.com\/file\/d\/1gd6RPmIh3_v18-8UfBnKyqvwnP70viCP\/view?usp=drive_link\" target=\"_blank\"><kbd>Dise\u00f1o curricular<\/kbd><\/a><\/p>\n\n\n\n<p style=\"font-style:normal;font-weight:200;letter-spacing:3px\"><a rel=\"noreferrer noopener\" href=\"https:\/\/drive.google.com\/file\/d\/1wEjuaxXriSo2D9cXEpx1d5km9l0WBVyJ\/view?usp=drive_link\" data-type=\"URL\" data-id=\"https:\/\/drive.google.com\/file\/d\/1wEjuaxXriSo2D9cXEpx1d5km9l0WBVyJ\/view?usp=drive_link\" target=\"_blank\"><kbd>Correlatividades<\/kbd><\/a><\/p>\n\n\n\n<p class=\"has-base-3-color has-accent-background-color has-text-color has-background has-medium-font-size\" style=\"font-style:italic;font-weight:800\"><strong>Dise\u00f1o curricular anterior (vigente en 2024 para 3er y 4to a\u00f1o)<\/strong><\/p>\n\n\n\n<p style=\"font-style:normal;font-weight:200;letter-spacing:3px\"><kbd><a href=\"https:\/\/drive.google.com\/file\/d\/1UbP2qB_TlEHoCLHujh3BiVg2GexyAJG3\/view?usp=drive_link\" data-type=\"URL\" data-id=\"https:\/\/drive.google.com\/file\/d\/1UbP2qB_TlEHoCLHujh3BiVg2GexyAJG3\/view?usp=drive_link\" target=\"_blank\" rel=\"noreferrer noopener\">Dise\u00f1o curricular anterior<\/a><\/kbd><\/p>\n\n\n\n<p style=\"font-style:normal;font-weight:200;letter-spacing:3px\"><a href=\"https:\/\/drive.google.com\/file\/d\/1iJ-U-pBuI8uJ0jYuvf9UzbAA5xpUq58h\/view?usp=drive_link\" data-type=\"URL\" data-id=\"https:\/\/drive.google.com\/file\/d\/1iJ-U-pBuI8uJ0jYuvf9UzbAA5xpUq58h\/view?usp=drive_link\" target=\"_blank\" rel=\"noreferrer noopener\"><kbd>Correlatividades<\/kbd><\/a><\/p>\n","protected":false},"excerpt":{"rendered":"<p>Denominaci\u00f3n de la carrera: Profesorado de Educaci\u00f3n Secundaria en Biolog\u00eda. T\u00edtulo a otorgar: Profesora\/Profesor de Educaci\u00f3n Secundaria en Biolog\u00eda. Duraci\u00f3n de la carrera: 4 a\u00f1os. Carga horaria total de la carrera: 3008 horas reloj. Dise\u00f1o curricular NUEVO (se implement\u00f3 1\u00b0 a\u00f1o en 2023) Dise\u00f1o curricular Correlatividades Dise\u00f1o curricular anterior (vigente en 2024 para 3er y &#8230; <a title=\"Profesorado Biolog\u00eda\" class=\"read-more\" href=\"https:\/\/isfd6-bue.infd.edu.ar\/sitio\/profesorado-de-biologia\/\" aria-label=\"More on Profesorado Biolog\u00eda\">[+]<\/a><\/p>\n","protected":false},"author":36,"featured_media":0,"parent":0,"menu_order":0,"comment_status":"closed","ping_status":"closed","template":"","meta":[],"acf":[],"_links":{"self":[{"href":"https:\/\/isfd6-bue.infd.edu.ar\/sitio\/wp-json\/wp\/v2\/pages\/964"}],"collection":[{"href":"https:\/\/isfd6-bue.infd.edu.ar\/sitio\/wp-json\/wp\/v2\/pages"}],"about":[{"href":"https:\/\/isfd6-bue.infd.edu.ar\/sitio\/wp-json\/wp\/v2\/types\/page"}],"author":[{"embeddable":true,"href":"https:\/\/isfd6-bue.infd.edu.ar\/sitio\/wp-json\/wp\/v2\/users\/36"}],"replies":[{"embeddable":true,"href":"https:\/\/isfd6-bue.infd.edu.ar\/sitio\/wp-json\/wp\/v2\/comments?post=964"}],"version-history":[{"count":7,"href":"https:\/\/isfd6-bue.infd.edu.ar\/sitio\/wp-json\/wp\/v2\/pages\/964\/revisions"}],"predecessor-version":[{"id":1018,"href":"https:\/\/isfd6-bue.infd.edu.ar\/sitio\/wp-json\/wp\/v2\/pages\/964\/revisions\/1018"}],"wp:attachment":[{"href":"https:\/\/isfd6-bue.infd.edu.ar\/sitio\/wp-json\/wp\/v2\/media?parent=964"}],"curies":[{"name":"wp","href":"https:\/\/api.w.org\/{rel}","templated":true}]}}