{"id":967,"date":"2024-10-28T19:25:46","date_gmt":"2024-10-28T22:25:46","guid":{"rendered":"https:\/\/isfd6-bue.infd.edu.ar\/sitio\/?page_id=967"},"modified":"2024-10-28T21:38:01","modified_gmt":"2024-10-29T00:38:01","slug":"profesorado-de-fisica","status":"publish","type":"page","link":"https:\/\/isfd6-bue.infd.edu.ar\/sitio\/profesorado-de-fisica\/","title":{"rendered":"Profesorado F\u00edsica"},"content":{"rendered":"\n<p><strong>Denominaci\u00f3n de la carrera:<\/strong>&nbsp;<em>Profesorado de Educaci\u00f3n Secundaria en F\u00edsica.<\/em><\/p>\n\n\n\n<p><strong>T\u00edtulo a otorgar:&nbsp;<\/strong><em>Profesora\/Profesor de Educaci\u00f3n Secundaria en F\u00edsica.<\/em><\/p>\n\n\n\n<p><strong>Duraci\u00f3n de la carrera:<\/strong>&nbsp;<em>4 a\u00f1os.<\/em><\/p>\n\n\n\n<p><strong>Carga horaria total de la carrera:<\/strong>&nbsp;<em>&#8212;&#8212;&#8212;&#8212;&#8212;&#8212;&#8212;&#8211;<\/em><\/p>\n\n\n\n<p class=\"has-base-3-color has-accent-background-color has-text-color has-background has-medium-font-size\"><strong><em>Dise\u00f1o curricular anterior (vigente en 2024 para 3er y 4to a\u00f1o)<\/em><\/strong><\/p>\n\n\n\n<p style=\"font-style:normal;font-weight:200;letter-spacing:3px\"><kbd><a href=\"https:\/\/drive.google.com\/file\/d\/1UbP2qB_TlEHoCLHujh3BiVg2GexyAJG3\/view?usp=drive_link\" data-type=\"URL\" data-id=\"https:\/\/drive.google.com\/file\/d\/1UbP2qB_TlEHoCLHujh3BiVg2GexyAJG3\/view?usp=drive_link\" target=\"_blank\" rel=\"noreferrer noopener\">Dise\u00f1o curricular anterior<\/a><\/kbd><\/p>\n\n\n\n<p style=\"font-style:normal;font-weight:200;letter-spacing:3px\"><kbd><a href=\"https:\/\/drive.google.com\/file\/d\/1_XVHZ4a3r3I1rq9DG69iiqB3bqrdA4sj\/view?usp=drive_link\" data-type=\"URL\" data-id=\"https:\/\/drive.google.com\/file\/d\/1_XVHZ4a3r3I1rq9DG69iiqB3bqrdA4sj\/view?usp=drive_link\" target=\"_blank\" rel=\"noreferrer noopener\">Correlatividades<\/a><\/kbd><\/p>\n","protected":false},"excerpt":{"rendered":"<p>Denominaci\u00f3n de la carrera:&nbsp;Profesorado de Educaci\u00f3n Secundaria en F\u00edsica. T\u00edtulo a otorgar:&nbsp;Profesora\/Profesor de Educaci\u00f3n Secundaria en F\u00edsica. Duraci\u00f3n de la carrera:&nbsp;4 a\u00f1os. Carga horaria total de la carrera:&nbsp;&#8212;&#8212;&#8212;&#8212;&#8212;&#8212;&#8212;&#8211; Dise\u00f1o curricular anterior (vigente en 2024 para 3er y 4to a\u00f1o) Dise\u00f1o curricular anterior Correlatividades<\/p>\n","protected":false},"author":36,"featured_media":0,"parent":0,"menu_order":0,"comment_status":"closed","ping_status":"closed","template":"","meta":[],"acf":[],"_links":{"self":[{"href":"https:\/\/isfd6-bue.infd.edu.ar\/sitio\/wp-json\/wp\/v2\/pages\/967"}],"collection":[{"href":"https:\/\/isfd6-bue.infd.edu.ar\/sitio\/wp-json\/wp\/v2\/pages"}],"about":[{"href":"https:\/\/isfd6-bue.infd.edu.ar\/sitio\/wp-json\/wp\/v2\/types\/page"}],"author":[{"embeddable":true,"href":"https:\/\/isfd6-bue.infd.edu.ar\/sitio\/wp-json\/wp\/v2\/users\/36"}],"replies":[{"embeddable":true,"href":"https:\/\/isfd6-bue.infd.edu.ar\/sitio\/wp-json\/wp\/v2\/comments?post=967"}],"version-history":[{"count":5,"href":"https:\/\/isfd6-bue.infd.edu.ar\/sitio\/wp-json\/wp\/v2\/pages\/967\/revisions"}],"predecessor-version":[{"id":1023,"href":"https:\/\/isfd6-bue.infd.edu.ar\/sitio\/wp-json\/wp\/v2\/pages\/967\/revisions\/1023"}],"wp:attachment":[{"href":"https:\/\/isfd6-bue.infd.edu.ar\/sitio\/wp-json\/wp\/v2\/media?parent=967"}],"curies":[{"name":"wp","href":"https:\/\/api.w.org\/{rel}","templated":true}]}}