{"id":979,"date":"2024-10-28T19:27:19","date_gmt":"2024-10-28T22:27:19","guid":{"rendered":"https:\/\/isfd6-bue.infd.edu.ar\/sitio\/?page_id=979"},"modified":"2024-10-29T19:55:53","modified_gmt":"2024-10-29T22:55:53","slug":"profesorado-de-ingles","status":"publish","type":"page","link":"https:\/\/isfd6-bue.infd.edu.ar\/sitio\/profesorado-de-ingles\/","title":{"rendered":"Profesorado Ingl\u00e9s"},"content":{"rendered":"\n<p><strong>Denominaci\u00f3n de la carrera:<\/strong> <em>Profesorado de Ingl\u00e9s.<\/em><\/p>\n\n\n\n<p><strong>T\u00edtulo a otorgar: <\/strong><em>Profesor\/a de Ingl\u00e9s para el Nivel Primario y Secundario.<\/em><\/p>\n\n\n\n<p><strong>Duraci\u00f3n de la carrera:<\/strong> <em>4 a\u00f1os.<\/em><\/p>\n\n\n\n<p><strong>Carga horaria total de la carrera:<\/strong> <em>3136 horas reloj.<\/em><\/p>\n\n\n\n<p class=\"has-base-3-color has-accent-background-color has-text-color has-background has-medium-font-size\" style=\"font-style:italic;font-weight:800\"><strong>Dise\u00f1o curricular <\/strong><\/p>\n\n\n\n<p style=\"font-style:normal;font-weight:200;letter-spacing:3px\"><kbd><a href=\"https:\/\/drive.google.com\/file\/d\/1xtnahkfOKwjz2FMXvF4IbKe7ZHSlxzir\/view?usp=drive_link\" data-type=\"URL\" data-id=\"https:\/\/drive.google.com\/file\/d\/1xtnahkfOKwjz2FMXvF4IbKe7ZHSlxzir\/view?usp=drive_link\" target=\"_blank\" rel=\"noreferrer noopener\">Dise\u00f1o curricular<\/a><\/kbd><\/p>\n\n\n\n<p style=\"font-style:normal;font-weight:200;letter-spacing:3px\"><kbd><a href=\"https:\/\/drive.google.com\/file\/d\/19wtY6GFhN5ukXKJ4AgF7vBnIO-IxSVqU\/view?usp=drive_link\" data-type=\"URL\" data-id=\"https:\/\/drive.google.com\/file\/d\/19wtY6GFhN5ukXKJ4AgF7vBnIO-IxSVqU\/view?usp=drive_link\" target=\"_blank\" rel=\"noreferrer noopener\">Correlatividades<\/a><\/kbd><\/p>\n","protected":false},"excerpt":{"rendered":"<p>Denominaci\u00f3n de la carrera: Profesorado de Ingl\u00e9s. T\u00edtulo a otorgar: Profesor\/a de Ingl\u00e9s para el Nivel Primario y Secundario. Duraci\u00f3n de la carrera: 4 a\u00f1os. Carga horaria total de la carrera: 3136 horas reloj. Dise\u00f1o curricular Dise\u00f1o curricular Correlatividades<\/p>\n","protected":false},"author":36,"featured_media":0,"parent":0,"menu_order":0,"comment_status":"closed","ping_status":"closed","template":"","meta":[],"acf":[],"_links":{"self":[{"href":"https:\/\/isfd6-bue.infd.edu.ar\/sitio\/wp-json\/wp\/v2\/pages\/979"}],"collection":[{"href":"https:\/\/isfd6-bue.infd.edu.ar\/sitio\/wp-json\/wp\/v2\/pages"}],"about":[{"href":"https:\/\/isfd6-bue.infd.edu.ar\/sitio\/wp-json\/wp\/v2\/types\/page"}],"author":[{"embeddable":true,"href":"https:\/\/isfd6-bue.infd.edu.ar\/sitio\/wp-json\/wp\/v2\/users\/36"}],"replies":[{"embeddable":true,"href":"https:\/\/isfd6-bue.infd.edu.ar\/sitio\/wp-json\/wp\/v2\/comments?post=979"}],"version-history":[{"count":3,"href":"https:\/\/isfd6-bue.infd.edu.ar\/sitio\/wp-json\/wp\/v2\/pages\/979\/revisions"}],"predecessor-version":[{"id":1041,"href":"https:\/\/isfd6-bue.infd.edu.ar\/sitio\/wp-json\/wp\/v2\/pages\/979\/revisions\/1041"}],"wp:attachment":[{"href":"https:\/\/isfd6-bue.infd.edu.ar\/sitio\/wp-json\/wp\/v2\/media?parent=979"}],"curies":[{"name":"wp","href":"https:\/\/api.w.org\/{rel}","templated":true}]}}