{"id":988,"date":"2024-10-28T19:28:26","date_gmt":"2024-10-28T22:28:26","guid":{"rendered":"https:\/\/isfd6-bue.infd.edu.ar\/sitio\/?page_id=988"},"modified":"2024-10-29T18:47:25","modified_gmt":"2024-10-29T21:47:25","slug":"profesorado-de-quimica","status":"publish","type":"page","link":"https:\/\/isfd6-bue.infd.edu.ar\/sitio\/profesorado-de-quimica\/","title":{"rendered":"Profesorado Qu\u00edmica"},"content":{"rendered":"\n<p><strong>Denominaci\u00f3n de la carrera:<\/strong> <em>Profesorado de Educaci\u00f3n Secundaria en Qu\u00edmica.<\/em><\/p>\n\n\n\n<p><strong>T\u00edtulo a otorgar: <\/strong><em>Profesora\/Profesor de Educaci\u00f3n Secundaria en Qu\u00edmica.<\/em><\/p>\n\n\n\n<p><strong>Duraci\u00f3n de la carrera:<\/strong> <em>4 a\u00f1os.<\/em><\/p>\n\n\n\n<p><strong>Carga horaria total de la carrera:<\/strong> <em>3008 horas reloj.<\/em><\/p>\n\n\n\n<p class=\"has-base-3-color has-accent-background-color has-text-color has-background has-medium-font-size\" style=\"font-style:italic;font-weight:800\"><strong>Dise\u00f1o curricular NUEVO (se implement\u00f3 1\u00b0 a\u00f1o en 2023)<\/strong><\/p>\n\n\n\n<p style=\"font-style:normal;font-weight:200;letter-spacing:3px\"><kbd><a href=\"https:\/\/drive.google.com\/file\/d\/1NyFC_JuL_QN9V2r0DuDNNFU9gXXNO-xC\/view?usp=drive_link\" data-type=\"URL\" data-id=\"https:\/\/drive.google.com\/file\/d\/1NyFC_JuL_QN9V2r0DuDNNFU9gXXNO-xC\/view?usp=drive_link\" target=\"_blank\" rel=\"noreferrer noopener\">Dise\u00f1o curricular<\/a><\/kbd><\/p>\n\n\n\n<p style=\"font-style:normal;font-weight:200;letter-spacing:3px\"><kbd><a href=\"https:\/\/drive.google.com\/file\/d\/1wQekLsr9gwpqLzt-hfRRawWMQFuvF_G9\/view?usp=drive_link\" data-type=\"URL\" data-id=\"https:\/\/drive.google.com\/file\/d\/1wQekLsr9gwpqLzt-hfRRawWMQFuvF_G9\/view?usp=drive_link\" target=\"_blank\" rel=\"noreferrer noopener\">Correlatividades<\/a><\/kbd><\/p>\n","protected":false},"excerpt":{"rendered":"<p>Denominaci\u00f3n de la carrera: Profesorado de Educaci\u00f3n Secundaria en Qu\u00edmica. T\u00edtulo a otorgar: Profesora\/Profesor de Educaci\u00f3n Secundaria en Qu\u00edmica. Duraci\u00f3n de la carrera: 4 a\u00f1os. Carga horaria total de la carrera: 3008 horas reloj. Dise\u00f1o curricular NUEVO (se implement\u00f3 1\u00b0 a\u00f1o en 2023) Dise\u00f1o curricular Correlatividades<\/p>\n","protected":false},"author":36,"featured_media":0,"parent":0,"menu_order":0,"comment_status":"closed","ping_status":"closed","template":"","meta":[],"acf":[],"_links":{"self":[{"href":"https:\/\/isfd6-bue.infd.edu.ar\/sitio\/wp-json\/wp\/v2\/pages\/988"}],"collection":[{"href":"https:\/\/isfd6-bue.infd.edu.ar\/sitio\/wp-json\/wp\/v2\/pages"}],"about":[{"href":"https:\/\/isfd6-bue.infd.edu.ar\/sitio\/wp-json\/wp\/v2\/types\/page"}],"author":[{"embeddable":true,"href":"https:\/\/isfd6-bue.infd.edu.ar\/sitio\/wp-json\/wp\/v2\/users\/36"}],"replies":[{"embeddable":true,"href":"https:\/\/isfd6-bue.infd.edu.ar\/sitio\/wp-json\/wp\/v2\/comments?post=988"}],"version-history":[{"count":3,"href":"https:\/\/isfd6-bue.infd.edu.ar\/sitio\/wp-json\/wp\/v2\/pages\/988\/revisions"}],"predecessor-version":[{"id":1025,"href":"https:\/\/isfd6-bue.infd.edu.ar\/sitio\/wp-json\/wp\/v2\/pages\/988\/revisions\/1025"}],"wp:attachment":[{"href":"https:\/\/isfd6-bue.infd.edu.ar\/sitio\/wp-json\/wp\/v2\/media?parent=988"}],"curies":[{"name":"wp","href":"https:\/\/api.w.org\/{rel}","templated":true}]}}