{"id":991,"date":"2024-10-28T19:29:12","date_gmt":"2024-10-28T22:29:12","guid":{"rendered":"https:\/\/isfd6-bue.infd.edu.ar\/sitio\/?page_id=991"},"modified":"2024-10-29T20:39:33","modified_gmt":"2024-10-29T23:39:33","slug":"profesorado-educacion-inicial","status":"publish","type":"page","link":"https:\/\/isfd6-bue.infd.edu.ar\/sitio\/profesorado-educacion-inicial\/","title":{"rendered":"Profesorado Educaci\u00f3n Inicial"},"content":{"rendered":"\n<p><strong>Denominaci\u00f3n de la carrera:<\/strong> <em>Profesorado de Educaci\u00f3n Inicial.<\/em><\/p>\n\n\n\n<p><p><strong>T\u00edtulo a otorgar: <\/strong><em>Profesor\/a de Educaci\u00f3n Inicial.<\/em><span style=\"font-size: revert;\">   <\/span><\/p><\/p>\n\n\n\n<p><p><strong>Duraci\u00f3n de la carrera:<\/strong> <em>4 a\u00f1os.<\/em><span style=\"font-size: revert;\">   <\/span><\/p><\/p>\n\n\n\n<p><p><strong>Carga horaria total de la carrera:<\/strong> <em>&#8212;&#8212;&#8212;&#8212;&#8212;&#8212;&#8211;<\/em><span style=\"font-size: revert;\">   <\/span><\/p><p class=\"has-base-3-color has-accent-background-color has-text-color has-background has-medium-font-size\" style=\"font-style:italic;font-weight:800\"><strong>Dise\u00f1o curricular <\/strong><\/p><\/p>\n\n\n\n<p style=\"letter-spacing:3px\"> <a href=\"https:\/\/drive.google.com\/file\/d\/1OAxBrG1_DOcSZvyDLrQkTs-6_RVNcHuo\/view?usp=drive_link\" data-type=\"URL\" data-id=\"https:\/\/drive.google.com\/file\/d\/1OAxBrG1_DOcSZvyDLrQkTs-6_RVNcHuo\/view?usp=drive_link\" target=\"_blank\" rel=\"noreferrer noopener\">Dise\u00f1o curricular<\/a><\/p>\n\n\n\n<p style=\"letter-spacing:3px\"> <a href=\"https:\/\/drive.google.com\/file\/d\/1myp7_sS8vz7AJ_bfWkzxuj7w_vXVpxg2\/view?usp=drive_link\" data-type=\"URL\" data-id=\"https:\/\/drive.google.com\/file\/d\/1myp7_sS8vz7AJ_bfWkzxuj7w_vXVpxg2\/view?usp=drive_link\" target=\"_blank\" rel=\"noreferrer noopener\">Correlatividades<\/a> <\/p>\n","protected":false},"excerpt":{"rendered":"<p>Denominaci\u00f3n de la carrera: Profesorado de Educaci\u00f3n Inicial. T\u00edtulo a otorgar: Profesor\/a de Educaci\u00f3n Inicial. Duraci\u00f3n de la carrera: 4 a\u00f1os. Carga horaria total de la carrera: &#8212;&#8212;&#8212;&#8212;&#8212;&#8212;&#8211; Dise\u00f1o curricular Dise\u00f1o curricular Correlatividades<\/p>\n","protected":false},"author":36,"featured_media":0,"parent":0,"menu_order":0,"comment_status":"closed","ping_status":"closed","template":"","meta":[],"acf":[],"_links":{"self":[{"href":"https:\/\/isfd6-bue.infd.edu.ar\/sitio\/wp-json\/wp\/v2\/pages\/991"}],"collection":[{"href":"https:\/\/isfd6-bue.infd.edu.ar\/sitio\/wp-json\/wp\/v2\/pages"}],"about":[{"href":"https:\/\/isfd6-bue.infd.edu.ar\/sitio\/wp-json\/wp\/v2\/types\/page"}],"author":[{"embeddable":true,"href":"https:\/\/isfd6-bue.infd.edu.ar\/sitio\/wp-json\/wp\/v2\/users\/36"}],"replies":[{"embeddable":true,"href":"https:\/\/isfd6-bue.infd.edu.ar\/sitio\/wp-json\/wp\/v2\/comments?post=991"}],"version-history":[{"count":3,"href":"https:\/\/isfd6-bue.infd.edu.ar\/sitio\/wp-json\/wp\/v2\/pages\/991\/revisions"}],"predecessor-version":[{"id":1045,"href":"https:\/\/isfd6-bue.infd.edu.ar\/sitio\/wp-json\/wp\/v2\/pages\/991\/revisions\/1045"}],"wp:attachment":[{"href":"https:\/\/isfd6-bue.infd.edu.ar\/sitio\/wp-json\/wp\/v2\/media?parent=991"}],"curies":[{"name":"wp","href":"https:\/\/api.w.org\/{rel}","templated":true}]}}