{"id":994,"date":"2024-10-28T19:29:30","date_gmt":"2024-10-28T22:29:30","guid":{"rendered":"https:\/\/isfd6-bue.infd.edu.ar\/sitio\/?page_id=994"},"modified":"2024-10-29T20:43:54","modified_gmt":"2024-10-29T23:43:54","slug":"profesorado-educacion-primaria","status":"publish","type":"page","link":"https:\/\/isfd6-bue.infd.edu.ar\/sitio\/profesorado-educacion-primaria\/","title":{"rendered":"Profesorado Educaci\u00f3n Primaria"},"content":{"rendered":"\n<p><strong>Denominaci\u00f3n de la carrera:<\/strong> <em>Profesorado de Educaci\u00f3n Primaria.<\/em><\/p>\n\n\n\n<p><strong>T\u00edtulo a otorgar: <\/strong><em>Profesor\/a de Educaci\u00f3n Primaria.<\/em><\/p>\n\n\n\n<p><strong>Duraci\u00f3n de la carrera:<\/strong> <em>4 a\u00f1os.<\/em><\/p>\n\n\n\n<p><strong>Carga horaria total de la carrera:<\/strong> <em>&#8212;&#8212;&#8212;&#8212;&#8212;&#8212;.<\/em><\/p>\n\n\n\n<p class=\"has-base-3-color has-accent-background-color has-text-color has-background has-medium-font-size\" style=\"font-style:italic;font-weight:800\"><strong>Dise\u00f1o curricular <\/strong><\/p>\n\n\n\n<p style=\"font-style:normal;font-weight:200;letter-spacing:3px\"><kbd><a href=\"https:\/\/drive.google.com\/file\/d\/1OAxBrG1_DOcSZvyDLrQkTs-6_RVNcHuo\/view?usp=drive_link\" data-type=\"URL\" data-id=\"https:\/\/drive.google.com\/file\/d\/1OAxBrG1_DOcSZvyDLrQkTs-6_RVNcHuo\/view?usp=drive_link\" target=\"_blank\" rel=\"noreferrer noopener\">Dise\u00f1o curricular<\/a><\/kbd><\/p>\n\n\n\n<p style=\"font-style:normal;font-weight:200;letter-spacing:3px\"><kbd><a href=\"https:\/\/drive.google.com\/file\/d\/1ISHB3LPtFDOv4g1R9AON5II1ZEn-cqpu\/view?usp=drive_link\" data-type=\"URL\" data-id=\"https:\/\/drive.google.com\/file\/d\/1ISHB3LPtFDOv4g1R9AON5II1ZEn-cqpu\/view?usp=drive_link\" target=\"_blank\" rel=\"noreferrer noopener\">Correlatividades<\/a><\/kbd><\/p>\n","protected":false},"excerpt":{"rendered":"<p>Denominaci\u00f3n de la carrera: Profesorado de Educaci\u00f3n Primaria. T\u00edtulo a otorgar: Profesor\/a de Educaci\u00f3n Primaria. Duraci\u00f3n de la carrera: 4 a\u00f1os. Carga horaria total de la carrera: &#8212;&#8212;&#8212;&#8212;&#8212;&#8212;. Dise\u00f1o curricular Dise\u00f1o curricular Correlatividades<\/p>\n","protected":false},"author":36,"featured_media":0,"parent":0,"menu_order":0,"comment_status":"closed","ping_status":"closed","template":"","meta":[],"acf":[],"_links":{"self":[{"href":"https:\/\/isfd6-bue.infd.edu.ar\/sitio\/wp-json\/wp\/v2\/pages\/994"}],"collection":[{"href":"https:\/\/isfd6-bue.infd.edu.ar\/sitio\/wp-json\/wp\/v2\/pages"}],"about":[{"href":"https:\/\/isfd6-bue.infd.edu.ar\/sitio\/wp-json\/wp\/v2\/types\/page"}],"author":[{"embeddable":true,"href":"https:\/\/isfd6-bue.infd.edu.ar\/sitio\/wp-json\/wp\/v2\/users\/36"}],"replies":[{"embeddable":true,"href":"https:\/\/isfd6-bue.infd.edu.ar\/sitio\/wp-json\/wp\/v2\/comments?post=994"}],"version-history":[{"count":2,"href":"https:\/\/isfd6-bue.infd.edu.ar\/sitio\/wp-json\/wp\/v2\/pages\/994\/revisions"}],"predecessor-version":[{"id":1047,"href":"https:\/\/isfd6-bue.infd.edu.ar\/sitio\/wp-json\/wp\/v2\/pages\/994\/revisions\/1047"}],"wp:attachment":[{"href":"https:\/\/isfd6-bue.infd.edu.ar\/sitio\/wp-json\/wp\/v2\/media?parent=994"}],"curies":[{"name":"wp","href":"https:\/\/api.w.org\/{rel}","templated":true}]}}